{"id":35,"date":"2016-11-29T01:21:42","date_gmt":"2016-11-29T01:21:42","guid":{"rendered":"https:\/\/oceanwp.org\/stylish\/?page_id=35"},"modified":"2025-11-10T20:35:27","modified_gmt":"2025-11-10T18:35:27","slug":"wie-ben-ik","status":"publish","type":"page","link":"https:\/\/veerkrachtigbalans.nl\/?page_id=35","title":{"rendered":"Wie ben ik?"},"content":{"rendered":"\t\t<div data-elementor-type=\"wp-page\" data-elementor-id=\"35\" class=\"elementor elementor-35\">\n\t\t\t\t<div class=\"elementor-element elementor-element-428f9b0c e-flex e-con-boxed e-con e-parent\" data-id=\"428f9b0c\" data-element_type=\"container\" data-settings=\"{&quot;background_background&quot;:&quot;classic&quot;}\">\n\t\t\t\t\t<div class=\"e-con-inner\">\n\t\t\t\t<div class=\"elementor-element elementor-element-5aa9ec3f elementor-widget elementor-widget-heading\" data-id=\"5aa9ec3f\" data-element_type=\"widget\" data-widget_type=\"heading.default\">\n\t\t\t\t\t<h2 class=\"elementor-heading-title elementor-size-default\">Wie ben ik?<\/h2>\t\t\t\t<\/div>\n\t\t\t\t\t<\/div>\n\t\t\t\t<\/div>\n\t\t\t\t<section class=\"elementor-section elementor-top-section elementor-element elementor-element-d905555 elementor-section-content-middle elementor-section-boxed elementor-section-height-default elementor-section-height-default\" data-id=\"d905555\" data-element_type=\"section\">\n\t\t\t\t\t\t<div class=\"elementor-container elementor-column-gap-default\">\n\t\t\t\t\t<div class=\"elementor-column elementor-col-50 elementor-top-column elementor-element elementor-element-4721263\" data-id=\"4721263\" data-element_type=\"column\">\n\t\t\t<div class=\"elementor-widget-wrap elementor-element-populated\">\n\t\t\t\t\t\t<div class=\"elementor-element elementor-element-d551e49 elementor-widget elementor-widget-image\" data-id=\"d551e49\" data-element_type=\"widget\" data-widget_type=\"image.default\">\n\t\t\t\t\t\t\t\t\t\t\t\t\t\t\t<img fetchpriority=\"high\" decoding=\"async\" width=\"2560\" height=\"1702\" src=\"https:\/\/veerkrachtigbalans.nl\/wp-content\/uploads\/2025\/10\/portret-2-scaled.jpg\" class=\"attachment-full size-full wp-image-988\" alt=\"\" srcset=\"https:\/\/veerkrachtigbalans.nl\/wp-content\/uploads\/2025\/10\/portret-2-scaled.jpg 2560w, https:\/\/veerkrachtigbalans.nl\/wp-content\/uploads\/2025\/10\/portret-2-300x199.jpg 300w, https:\/\/veerkrachtigbalans.nl\/wp-content\/uploads\/2025\/10\/portret-2-1024x681.jpg 1024w, https:\/\/veerkrachtigbalans.nl\/wp-content\/uploads\/2025\/10\/portret-2-768x511.jpg 768w, https:\/\/veerkrachtigbalans.nl\/wp-content\/uploads\/2025\/10\/portret-2-1536x1021.jpg 1536w, https:\/\/veerkrachtigbalans.nl\/wp-content\/uploads\/2025\/10\/portret-2-2048x1362.jpg 2048w\" sizes=\"(max-width: 2560px) 100vw, 2560px\" \/>\t\t\t\t\t\t\t\t\t\t\t\t\t\t\t<\/div>\n\t\t\t\t\t<\/div>\n\t\t<\/div>\n\t\t\t\t<div class=\"elementor-column elementor-col-50 elementor-top-column elementor-element elementor-element-3eb99b5\" data-id=\"3eb99b5\" data-element_type=\"column\">\n\t\t\t<div class=\"elementor-widget-wrap elementor-element-populated\">\n\t\t\t\t\t\t<div class=\"elementor-element elementor-element-dee63c6 elementor-widget elementor-widget-heading\" data-id=\"dee63c6\" data-element_type=\"widget\" data-widget_type=\"heading.default\">\n\t\t\t\t\t<h1 class=\"elementor-heading-title elementor-size-default\">Mijn naam is Sonja Rieskes-Douwsma.<\/h1>\t\t\t\t<\/div>\n\t\t\t\t<div class=\"elementor-element elementor-element-9c62bcf elementor-widget elementor-widget-heading\" data-id=\"9c62bcf\" data-element_type=\"widget\" data-widget_type=\"heading.default\">\n\t\t\t\t\t<p class=\"elementor-heading-title elementor-size-default\">Ik werk vanuit mijn hart, met oprechte aandacht voor de mens achter het verhaal. Door mijn jarenlange ervaring in ouderenzorg, dagbesteding, gehandicaptenzorg \u00e9n als docent 'Meer Bewegen voor Ouderen', weet ik hoe belangrijk het is om iemand \u00e9cht te zien. Ik geloof niet in standaardoplossingen, maar in luisteren, vertragen en samen ontdekken wat nog w\u00e9l mogelijk is.<\/p>\t\t\t\t<\/div>\n\t\t\t\t<div class=\"elementor-element elementor-element-55fd962 elementor-widget elementor-widget-heading\" data-id=\"55fd962\" data-element_type=\"widget\" data-widget_type=\"heading.default\">\n\t\t\t\t\t<p class=\"elementor-heading-title elementor-size-default\">Wat mij uniek maakt, is de combinatie van rust, beweging, creativiteit en oprechte\nbetrokkenheid. Ik kijk niet alleen naar de hulpvraag, maar naar de hele mens  lichaam,\ngeest en gevoel horen bij elkaar.<\/p>\t\t\t\t<\/div>\n\t\t\t\t\t<\/div>\n\t\t<\/div>\n\t\t\t\t\t<\/div>\n\t\t<\/section>\n\t\t<div class=\"elementor-element elementor-element-d81aacd e-flex e-con-boxed e-con e-parent\" data-id=\"d81aacd\" data-element_type=\"container\">\n\t\t\t\t\t<div class=\"e-con-inner\">\n\t\t\t\t<div class=\"elementor-element elementor-element-4579f48 elementor-widget elementor-widget-text-editor\" data-id=\"4579f48\" data-element_type=\"widget\" data-widget_type=\"text-editor.default\">\n\t\t\t\t\t\t\t\t\t<p>Vanuit mijn opleiding tot rouw- en verliesbegeleider (LVS \u2013 Landelijk Steunpunt Verlies) heb ik me verdiept in de betekenis van rouw, afscheid, levend verlies en zingeving. Die kennis vul ik aan met mijn eigen levenservaring. Ik weet wat het betekent om te leven met verlies van geliefden, gezondheid en zekerheden. Juist daardoor kan ik naast iemand staan, zonder oordeel.<\/p>\t\t\t\t\t\t\t\t<\/div>\n\t\t\t\t<div class=\"elementor-element elementor-element-527decb elementor-widget elementor-widget-text-editor\" data-id=\"527decb\" data-element_type=\"widget\" data-widget_type=\"text-editor.default\">\n\t\t\t\t\t\t\t\t\t<p>Tegelijkertijd ben ik een opgewekt mens. Ik denk in mogelijkheden, werk met een open blik en geloof in de kracht van kleine stapjes vooruit. Een dag niet gelachen? Dat gebeurt zelden. Want juist in moeilijke tijden is er ook ruimte voor lichtheid, humor en verbinding.<\/p>\t\t\t\t\t\t\t\t<\/div>\n\t\t\t\t<div class=\"elementor-element elementor-element-5242c47 elementor-widget elementor-widget-text-editor\" data-id=\"5242c47\" data-element_type=\"widget\" data-widget_type=\"text-editor.default\">\n\t\t\t\t\t\t\t\t\t<p>Ik werk holistisch: met hoofd, hart en handen, met liefde voor het leven \u00e9n voor de kwetsbaarheid ervan. Naast mijn werk ben ik actief betrokken binnen de samenleving. Ik verbind graag mensen, organiseer activiteiten en geloof in de kracht van samen.<\/p>\t\t\t\t\t\t\t\t<\/div>\n\t\t\t\t<div class=\"elementor-element elementor-element-c38a0dd elementor-align-left elementor-mobile-align-center elementor-widget elementor-widget-button\" data-id=\"c38a0dd\" data-element_type=\"widget\" data-widget_type=\"button.default\">\n\t\t\t\t\t\t\t\t\t\t<a class=\"elementor-button elementor-button-link elementor-size-lg\" href=\"https:\/\/veerkrachtigbalans.nl\/?page_id=82\">\n\t\t\t\t\t\t<span class=\"elementor-button-content-wrapper\">\n\t\t\t\t\t\t\t\t\t<span class=\"elementor-button-text\">Kom in contact<\/span>\n\t\t\t\t\t<\/span>\n\t\t\t\t\t<\/a>\n\t\t\t\t\t\t\t\t<\/div>\n\t\t\t\t\t<\/div>\n\t\t\t\t<\/div>\n\t\t\t\t<section class=\"elementor-section elementor-top-section elementor-element elementor-element-6067e9a elementor-section-boxed elementor-section-height-default elementor-section-height-default\" data-id=\"6067e9a\" data-element_type=\"section\" data-settings=\"{&quot;background_background&quot;:&quot;classic&quot;}\">\n\t\t\t\t\t\t\t<div class=\"elementor-background-overlay\"><\/div>\n\t\t\t\t\t\t\t<div class=\"elementor-container elementor-column-gap-default\">\n\t\t\t\t\t<div class=\"elementor-column elementor-col-100 elementor-top-column elementor-element elementor-element-c842478\" data-id=\"c842478\" data-element_type=\"column\">\n\t\t\t<div class=\"elementor-widget-wrap elementor-element-populated\">\n\t\t\t\t\t\t<div class=\"elementor-element elementor-element-09efecf elementor-widget elementor-widget-heading\" data-id=\"09efecf\" data-element_type=\"widget\" data-widget_type=\"heading.default\">\n\t\t\t\t\t<h2 class=\"elementor-heading-title elementor-size-default\">Ervaring &amp; Kwalificaties<\/h2>\t\t\t\t<\/div>\n\t\t\t\t<div class=\"elementor-element elementor-element-8302548 elementor-widget elementor-widget-text-editor\" data-id=\"8302548\" data-element_type=\"widget\" data-widget_type=\"text-editor.default\">\n\t\t\t\t\t\t\t\t\t<p>\u2022 SPW-gediplomeerd begeleider, met ruime ervaring in gehandicaptenzorg, ouderenzorg en dagbesteding<br \/>\u2022 Gecertificeerd rouw- en verliesbegeleider \u2013 Landelijk Steunpunt Verlies (LVS)<br \/>\u2022 Gediplomeerd docent Meer Bewegen voor Ouderen (MBvO) \u2013 CIOS Heerenveen<br \/>\u2022 Gespecialiseerd in levend verlies, ouderdomsprocessen en kwetsbare levensfasen<br \/>\u2022 Holistische werkwijze, met aandacht voor hoofd, hart en lichaam<br \/>\u2022 Ervaringsdeskundig op het gebied van rouw en verlies \u2013 vanuit eigen levenservaring<br \/>\u2022 Sterk in het bieden van preventieve begeleiding aan huis, gericht op hervinden van veerkracht, zingeving en balans en zelfredzaamheid.<\/p>\t\t\t\t\t\t\t\t<\/div>\n\t\t\t\t\t<\/div>\n\t\t<\/div>\n\t\t\t\t\t<\/div>\n\t\t<\/section>\n\t\t\t\t<\/div>\n\t\t","protected":false},"excerpt":{"rendered":"<p>Wie ben ik? Mijn naam is Sonja Rieskes-Douwsma. Ik werk vanuit mijn hart, met oprechte aandacht voor de mens achter het verhaal. Door mijn jarenlange ervaring in ouderenzorg, dagbesteding, gehandicaptenzorg \u00e9n als docent &#8216;Meer Bewegen voor Ouderen&#8217;, weet ik hoe belangrijk het is om iemand \u00e9cht te zien. Ik geloof niet in standaardoplossingen, maar in [&hellip;]<\/p>\n","protected":false},"author":1,"featured_media":0,"parent":0,"menu_order":0,"comment_status":"closed","ping_status":"closed","template":"","meta":{"ocean_post_layout":"full-screen","ocean_both_sidebars_style":"","ocean_both_sidebars_content_width":0,"ocean_both_sidebars_sidebars_width":0,"ocean_sidebar":"0","ocean_second_sidebar":"0","ocean_disable_margins":"enable","ocean_add_body_class":"","ocean_shortcode_before_top_bar":"","ocean_shortcode_after_top_bar":"","ocean_shortcode_before_header":"","ocean_shortcode_after_header":"","ocean_has_shortcode":"","ocean_shortcode_after_title":"","ocean_shortcode_before_footer_widgets":"","ocean_shortcode_after_footer_widgets":"","ocean_shortcode_before_footer_bottom":"","ocean_shortcode_after_footer_bottom":"","ocean_display_top_bar":"default","ocean_display_header":"default","ocean_header_style":"","ocean_center_header_left_menu":"0","ocean_custom_header_template":"0","ocean_custom_logo":0,"ocean_custom_retina_logo":0,"ocean_custom_logo_max_width":0,"ocean_custom_logo_tablet_max_width":0,"ocean_custom_logo_mobile_max_width":0,"ocean_custom_logo_max_height":0,"ocean_custom_logo_tablet_max_height":0,"ocean_custom_logo_mobile_max_height":0,"ocean_header_custom_menu":"0","ocean_menu_typo_font_family":"0","ocean_menu_typo_font_subset":"","ocean_menu_typo_font_size":0,"ocean_menu_typo_font_size_tablet":0,"ocean_menu_typo_font_size_mobile":0,"ocean_menu_typo_font_size_unit":"px","ocean_menu_typo_font_weight":"","ocean_menu_typo_font_weight_tablet":"","ocean_menu_typo_font_weight_mobile":"","ocean_menu_typo_transform":"","ocean_menu_typo_transform_tablet":"","ocean_menu_typo_transform_mobile":"","ocean_menu_typo_line_height":0,"ocean_menu_typo_line_height_tablet":0,"ocean_menu_typo_line_height_mobile":0,"ocean_menu_typo_line_height_unit":"","ocean_menu_typo_spacing":0,"ocean_menu_typo_spacing_tablet":0,"ocean_menu_typo_spacing_mobile":0,"ocean_menu_typo_spacing_unit":"","ocean_menu_link_color":"","ocean_menu_link_color_hover":"","ocean_menu_link_color_active":"","ocean_menu_link_background":"","ocean_menu_link_hover_background":"","ocean_menu_link_active_background":"","ocean_menu_social_links_bg":"","ocean_menu_social_hover_links_bg":"","ocean_menu_social_links_color":"","ocean_menu_social_hover_links_color":"","ocean_disable_title":"on","ocean_disable_heading":"on","ocean_post_title":"","ocean_post_subheading":"","ocean_post_title_style":"","ocean_post_title_background_color":"","ocean_post_title_background":0,"ocean_post_title_bg_image_position":"","ocean_post_title_bg_image_attachment":"","ocean_post_title_bg_image_repeat":"","ocean_post_title_bg_image_size":"","ocean_post_title_height":0,"ocean_post_title_bg_overlay":0.5,"ocean_post_title_bg_overlay_color":"","ocean_disable_breadcrumbs":"off","ocean_breadcrumbs_color":"","ocean_breadcrumbs_separator_color":"","ocean_breadcrumbs_links_color":"","ocean_breadcrumbs_links_hover_color":"","ocean_display_footer_widgets":"default","ocean_display_footer_bottom":"default","ocean_custom_footer_template":"0","footnotes":""},"class_list":["post-35","page","type-page","status-publish","hentry","entry"],"_links":{"self":[{"href":"https:\/\/veerkrachtigbalans.nl\/index.php?rest_route=\/wp\/v2\/pages\/35","targetHints":{"allow":["GET"]}}],"collection":[{"href":"https:\/\/veerkrachtigbalans.nl\/index.php?rest_route=\/wp\/v2\/pages"}],"about":[{"href":"https:\/\/veerkrachtigbalans.nl\/index.php?rest_route=\/wp\/v2\/types\/page"}],"author":[{"embeddable":true,"href":"https:\/\/veerkrachtigbalans.nl\/index.php?rest_route=\/wp\/v2\/users\/1"}],"replies":[{"embeddable":true,"href":"https:\/\/veerkrachtigbalans.nl\/index.php?rest_route=%2Fwp%2Fv2%2Fcomments&post=35"}],"version-history":[{"count":22,"href":"https:\/\/veerkrachtigbalans.nl\/index.php?rest_route=\/wp\/v2\/pages\/35\/revisions"}],"predecessor-version":[{"id":1085,"href":"https:\/\/veerkrachtigbalans.nl\/index.php?rest_route=\/wp\/v2\/pages\/35\/revisions\/1085"}],"wp:attachment":[{"href":"https:\/\/veerkrachtigbalans.nl\/index.php?rest_route=%2Fwp%2Fv2%2Fmedia&parent=35"}],"curies":[{"name":"wp","href":"https:\/\/api.w.org\/{rel}","templated":true}]}}